{"id":7,"date":"2021-11-08T09:00:12","date_gmt":"2021-11-08T09:00:12","guid":{"rendered":"https:\/\/solna.decimalen.se\/index.php\/register\/"},"modified":"2021-11-08T09:00:12","modified_gmt":"2021-11-08T09:00:12","slug":"register","status":"publish","type":"page","link":"https:\/\/solna.decimalen.se\/index.php\/register\/","title":{"rendered":"Register"},"content":{"rendered":"\n<div class=\"wpum-template wpum-form wpum-registration-form\">\n\n\t\n\t<form action=\"\/index.php\/wp-json\/wp\/v2\/pages\/7\" method=\"post\" id=\"wpum-submit-registration-form\" enctype=\"multipart\/form-data\">\n\n\t\t\n\t\t\t\n<fieldset  class=\"fieldset-user_email\" >\n\n\n\t\t\t\t\t<label for=\"user_email\">\n\t\t\t\tEmail\t\t\t\t\t\t\t\t\t<span class=\"wpum-required\">*<\/span>\n\t\t\t\t\t\t\t<\/label>\n\t\t\t\t<div class=\"field required-field\">\n\t\t\t\n<input\n\ttype=\"email\"\n\tclass=\"input-email\"\n\tname=\"user_email\"\n\t\tid=\"user_email\"\n\tplaceholder=\"\"\n\tvalue=\"\"\n\tmaxlength=\"\"\n\trequired\t\/>\n\t\t<\/div>\n\n\t\n<\/fieldset>\n\n\t\t\n\t\t\t\n<fieldset  class=\"fieldset-robo\" >\n\n\n\t\t\t\t\t<label for=\"robo\">\n\t\t\t\tL\u00e4mna tomt om du \u00e4r en m\u00e4nniska:\t\t\t\t\t\t\t<\/label>\n\t\t\t\t<div class=\"field \">\n\t\t\t\n<input\n\ttype=\"text\"\n\tclass=\"input-text\"\n\tname=\"robo\"\n\t\tid=\"robo\"\n\tplaceholder=\"\"\n\tvalue=\"\"\n\tmaxlength=\"\"\n\t\t\t\/>\n\t\t<\/div>\n\n\t\n<\/fieldset>\n\n\t\t\n\t\t\t\n<fieldset  class=\"fieldset-user_password\" >\n\n\n\t\t\t\t\t<label for=\"user_password\">\n\t\t\t\tPassword\t\t\t\t\t\t\t\t\t<span class=\"wpum-required\">*<\/span>\n\t\t\t\t\t\t\t<\/label>\n\t\t\t\t<div class=\"field required-field\">\n\t\t\t\n<input type=\"password\" class=\"input-text\"\n name=\"user_password\" id=\"user_password\" placeholder=\"\" value=\"\" maxlength=\"\"\n\t\t\t\t  required\t \/>\n\t\t<\/div>\n\n\t\n<\/fieldset>\n\n\t\t\n\t\t\t\n<fieldset  class=\"fieldset-privacy\" >\n\n\n\t\t<label for=\"privacy\">\n\t\t\t<span class=\"field required-field\">\n\t\t\t\t\n<input type=\"checkbox\" class=\"input-checkbox\" name=\"privacy\" id=\"privacy\"  value=\"1\"\n\t\t\t\t\t\t\t\t\t\t\t\t\t\t\t   required \/>\n\t<small class=\"description\">Jag har l\u00e4st och accepterar <a href=\"https:\/\/solna.decimalen.se\/?page_id=3\" target=\"_blank\">integritetspolicyn<\/a> och godk\u00e4nner att \u201dProjekt Solna\u201d samlar in och lagrar de uppgifter jag skickar via detta formul\u00e4r.<\/small>\t\t\t<\/span>\n\t\t\t\t\t\t\t\t\t\t<span class=\"wpum-required\">*<\/span>\n\t\t\t\t\t<\/label>\n\n\t\n<\/fieldset>\n\n\t\t\n\t\t<input type=\"hidden\" name=\"wpum_form\" value=\"registration\" \/>\n\t\t<input type=\"hidden\" name=\"step\" value=\"0\" \/>\n\t\t<input type=\"hidden\" id=\"registration_nonce\" name=\"registration_nonce\" value=\"49104291b3\" \/><input type=\"hidden\" name=\"_wp_http_referer\" value=\"\/index.php\/wp-json\/wp\/v2\/pages\/7\" \/>\n\t\t\n\t\t\t\t<input type=\"submit\" name=\"submit_registration\" class=\"button\"\n\t\t\t   value=\"Registrera\"\/>\n\n\t<\/form>\n\n\t\n<\/div>\n\n<ul class=\"wpum-action-links\">\n\t\t<li>\n\t\tHar du redan ett konto? <a href=\"https:\/\/solna.decimalen.se\/index.php\/log-in\/\">Logga in &raquo;<\/a>\t<\/li>\n\t\t\t\t<li>\n\t\t<a href=\"https:\/\/solna.decimalen.se\/index.php\/password-reset\/\">\n\t\t\tGl\u00f6mt ditt l\u00f6senord?\t\t<\/a>\n\t<\/li>\n\t<\/ul>\n","protected":false},"excerpt":{"rendered":"","protected":false},"author":1,"featured_media":0,"parent":0,"menu_order":0,"comment_status":"closed","ping_status":"closed","template":"","meta":{"ocean_post_layout":"","ocean_both_sidebars_style":"","ocean_both_sidebars_content_width":0,"ocean_both_sidebars_sidebars_width":0,"ocean_sidebar":"","ocean_second_sidebar":"","ocean_disable_margins":"enable","ocean_add_body_class":"","ocean_shortcode_before_top_bar":"","ocean_shortcode_after_top_bar":"","ocean_shortcode_before_header":"","ocean_shortcode_after_header":"","ocean_has_shortcode":"","ocean_shortcode_after_title":"","ocean_shortcode_before_footer_widgets":"","ocean_shortcode_after_footer_widgets":"","ocean_shortcode_before_footer_bottom":"","ocean_shortcode_after_footer_bottom":"","ocean_display_top_bar":"default","ocean_display_header":"default","ocean_header_style":"","ocean_center_header_left_menu":"","ocean_custom_header_template":"","ocean_custom_logo":0,"ocean_custom_retina_logo":0,"ocean_custom_logo_max_width":0,"ocean_custom_logo_tablet_max_width":0,"ocean_custom_logo_mobile_max_width":0,"ocean_custom_logo_max_height":0,"ocean_custom_logo_tablet_max_height":0,"ocean_custom_logo_mobile_max_height":0,"ocean_header_custom_menu":"","ocean_menu_typo_font_family":"","ocean_menu_typo_font_subset":"","ocean_menu_typo_font_size":0,"ocean_menu_typo_font_size_tablet":0,"ocean_menu_typo_font_size_mobile":0,"ocean_menu_typo_font_size_unit":"px","ocean_menu_typo_font_weight":"","ocean_menu_typo_font_weight_tablet":"","ocean_menu_typo_font_weight_mobile":"","ocean_menu_typo_transform":"","ocean_menu_typo_transform_tablet":"","ocean_menu_typo_transform_mobile":"","ocean_menu_typo_line_height":0,"ocean_menu_typo_line_height_tablet":0,"ocean_menu_typo_line_height_mobile":0,"ocean_menu_typo_line_height_unit":"","ocean_menu_typo_spacing":0,"ocean_menu_typo_spacing_tablet":0,"ocean_menu_typo_spacing_mobile":0,"ocean_menu_typo_spacing_unit":"","ocean_menu_link_color":"","ocean_menu_link_color_hover":"","ocean_menu_link_color_active":"","ocean_menu_link_background":"","ocean_menu_link_hover_background":"","ocean_menu_link_active_background":"","ocean_menu_social_links_bg":"","ocean_menu_social_hover_links_bg":"","ocean_menu_social_links_color":"","ocean_menu_social_hover_links_color":"","ocean_disable_title":"default","ocean_disable_heading":"default","ocean_post_title":"","ocean_post_subheading":"","ocean_post_title_style":"","ocean_post_title_background_color":"","ocean_post_title_background":0,"ocean_post_title_bg_image_position":"","ocean_post_title_bg_image_attachment":"","ocean_post_title_bg_image_repeat":"","ocean_post_title_bg_image_size":"","ocean_post_title_height":0,"ocean_post_title_bg_overlay":0.5,"ocean_post_title_bg_overlay_color":"","ocean_disable_breadcrumbs":"default","ocean_breadcrumbs_color":"","ocean_breadcrumbs_separator_color":"","ocean_breadcrumbs_links_color":"","ocean_breadcrumbs_links_hover_color":"","ocean_display_footer_widgets":"default","ocean_display_footer_bottom":"default","ocean_custom_footer_template":"","footnotes":""},"class_list":["post-7","page","type-page","status-publish","hentry","entry"],"_links":{"self":[{"href":"https:\/\/solna.decimalen.se\/index.php\/wp-json\/wp\/v2\/pages\/7","targetHints":{"allow":["GET"]}}],"collection":[{"href":"https:\/\/solna.decimalen.se\/index.php\/wp-json\/wp\/v2\/pages"}],"about":[{"href":"https:\/\/solna.decimalen.se\/index.php\/wp-json\/wp\/v2\/types\/page"}],"author":[{"embeddable":true,"href":"https:\/\/solna.decimalen.se\/index.php\/wp-json\/wp\/v2\/users\/1"}],"replies":[{"embeddable":true,"href":"https:\/\/solna.decimalen.se\/index.php\/wp-json\/wp\/v2\/comments?post=7"}],"version-history":[{"count":0,"href":"https:\/\/solna.decimalen.se\/index.php\/wp-json\/wp\/v2\/pages\/7\/revisions"}],"wp:attachment":[{"href":"https:\/\/solna.decimalen.se\/index.php\/wp-json\/wp\/v2\/media?parent=7"}],"curies":[{"name":"wp","href":"https:\/\/api.w.org\/{rel}","templated":true}]}}